{"id":10005,"date":"2025-05-21T05:50:49","date_gmt":"2025-05-21T05:50:49","guid":{"rendered":"https:\/\/nanda-sa.com\/?page_id=10005"},"modified":"2025-05-22T10:34:06","modified_gmt":"2025-05-22T10:34:06","slug":"solutions-solaires","status":"publish","type":"page","link":"https:\/\/nanda-sa.com\/en\/solutions-solaires\/","title":{"rendered":"Solar Solutions"},"content":{"rendered":"<div data-elementor-type=\"wp-page\" data-elementor-id=\"10005\" class=\"elementor elementor-10005\">\n\t\t\t\t        <section class=\"elementor-section elementor-top-section elementor-element elementor-element-5270cc8 elementor-section-stretched elementor-section-boxed elementor-section-height-default elementor-section-height-default\" data-id=\"5270cc8\" data-element_type=\"section\" data-settings=\"{&quot;stretch_section&quot;:&quot;section-stretched&quot;,&quot;background_background&quot;:&quot;classic&quot;}\">\n            \n                        <div class=\"elementor-container elementor-column-gap-extended\">\n                    <div class=\"elementor-column elementor-col-50 elementor-top-column elementor-element elementor-element-09bb37c\" data-id=\"09bb37c\" data-element_type=\"column\">\n        <div class=\"elementor-widget-wrap elementor-element-populated\">\n                    \n        \t\t<div class=\"elementor-element elementor-element-1a10457 elementor-widget__width-auto elementor-absolute elementor-widget elementor-widget-ct_image\" data-id=\"1a10457\" data-element_type=\"widget\" data-settings=\"{&quot;_position&quot;:&quot;absolute&quot;}\" data-widget_type=\"ct_image.default\">\n\t\t\t\t<div class=\"elementor-widget-container\">\n\t\t\t\t\t<div class=\"ct-image-single    img-effect-spin\" data-width=\"\" data-height=\"\">\r\n                        <img fetchpriority=\"high\" decoding=\"async\" width=\"584\" height=\"584\" src=\"https:\/\/nanda-sa.com\/wp-content\/uploads\/2023\/01\/h10-shape-spin.png\" class=\"no-lazyload attachment-full\" alt=\"\" \/>            <\/div>\t\t\t\t<\/div>\n\t\t\t\t<\/div>\n\t\t\t\t<div class=\"elementor-element elementor-element-0a47b03 elementor-widget__width-auto elementor-widget elementor-widget-ct_image\" data-id=\"0a47b03\" data-element_type=\"widget\" data-widget_type=\"ct_image.default\">\n\t\t\t\t<div class=\"elementor-widget-container\">\n\t\t\t\t\t<div class=\"ct-image-single el-bounce   effect-none\" data-width=\"\" data-height=\"\">\r\n                        <img decoding=\"async\" width=\"736\" height=\"735\" src=\"https:\/\/nanda-sa.com\/wp-content\/uploads\/2025\/05\/h10-banner3A.png\" class=\"no-lazyload attachment-full\" alt=\"\" \/>            <\/div>\t\t\t\t<\/div>\n\t\t\t\t<\/div>\n\t\t            <\/div>\n        <\/div>\n                <div class=\"elementor-column elementor-col-50 elementor-top-column elementor-element elementor-element-e68344e\" data-id=\"e68344e\" data-element_type=\"column\">\n        <div class=\"elementor-widget-wrap elementor-element-populated\">\n                    \n        \t\t<div class=\"elementor-element elementor-element-791f499 elementor-widget elementor-widget-ct_heading\" data-id=\"791f499\" data-element_type=\"widget\" data-widget_type=\"ct_heading.default\">\n\t\t\t\t<div class=\"elementor-widget-container\">\n\t\t\t\t\t<div class=\"ct-heading h-align- item-st-default\">\r\n    <div class=\"ct-heading--inner\">\r\n    \t    \t\t<div class=\"item--sub-title style-reset\">\r\n                <span>\r\n                                        NANDA S\u00c1                                    <\/span>\r\n            <\/div>\r\n    \t        <h3 class=\"item--title case-animate-time st-default\" data-wow-delay=\"ms\">\r\n            <span class=\"slide-in-container\"><span class=\"d-inline-block wow case-fade-in-up\">SOLUTIONS<\/span><\/span> <span class=\"slide-in-container\"><span class=\"d-inline-block wow case-fade-in-up\">SUNGLASSES<\/span><\/span> <span class=\"slide-in-container\"><span class=\"d-inline-block wow case-fade-in-up\">PREMIUM<\/span><\/span> <span class=\"slide-in-container\"><span class=\"d-inline-block wow case-fade-in-up\">FOR<\/span><\/span> <span class=\"slide-in-container\"><span class=\"d-inline-block wow case-fade-in-up\">THERE<\/span><\/span> <span class=\"slide-in-container\"><span class=\"d-inline-block wow case-fade-in-up\">GUINEA-BISSAU<\/span><\/span>        <\/h3>\r\n    <\/div>\r\n<\/div>\r\n\r\n\t\t\t\t<\/div>\n\t\t\t\t<\/div>\n\t\t\t\t<div class=\"elementor-element elementor-element-e73ba2f elementor-widget elementor-widget-ct_text_editor\" data-id=\"e73ba2f\" data-element_type=\"widget\" data-widget_type=\"ct_text_editor.default\">\n\t\t\t\t<div class=\"elementor-widget-container\">\n\t\t\t\t\t<div id=\"ct_text_editor-e73ba2f\" class=\"ct-text-editor\" data-wow-delay=\"ms\">\n\t<div class=\"ct-item--inner\">\n\t\t<div class=\"ct-inline-css\"  data-css=\"\t        \t\t\t\">\n\n\t    <\/div>\n\t\t<div class=\"ct-text-editor elementor-clearfix\">\n\t\t\tNANDA S\u00c1 offers high-end solar kits designed to meet the needs of homes, businesses, and professional sites in Guinea-Bissau.<br><br>\nChoose sustainable, reliable, and stylish energy autonomy thanks to next-generation storage technology developed in Germany.<br><br>\nInvest today in the energy freedom of tomorrow.\t\t\n\t\t<\/div>\n\t<\/div>\n<\/div>\t\t\t\t<\/div>\n\t\t\t\t<\/div>\n\t\t\t\t<div class=\"elementor-element elementor-element-a9455e1 elementor-widget elementor-widget-spacer\" data-id=\"a9455e1\" data-element_type=\"widget\" data-widget_type=\"spacer.default\">\n\t\t\t\t<div class=\"elementor-widget-container\">\n\t\t\t\t\t\t\t<div class=\"elementor-spacer\">\n\t\t\t<div class=\"elementor-spacer-inner\"><\/div>\n\t\t<\/div>\n\t\t\t\t\t\t<\/div>\n\t\t\t\t<\/div>\n\t\t            <\/div>\n        <\/div>\n                    <\/div>\n        <\/section>\n        <div class=\"elementor-element elementor-element-fc8e38a e-flex e-con-boxed e-con e-parent\" data-id=\"fc8e38a\" data-element_type=\"container\">\n\t\t\t\t\t<div class=\"e-con-inner\">\n\t\t\t\t<div class=\"elementor-element elementor-element-67b2aeb elementor-widget elementor-widget-shortcode\" data-id=\"67b2aeb\" data-element_type=\"widget\" data-widget_type=\"shortcode.default\">\n\t\t\t\t<div class=\"elementor-widget-container\">\n\t\t\t\t\t\t\t<div class=\"elementor-shortcode\">\n<table id=\"tablepress-3\" class=\"tablepress tablepress-id-3\">\n<thead>\n<tr class=\"row-1\">\n\t<th class=\"column-1\">Power<\/th><th class=\"column-2\">Storage <\/th><th class=\"column-3\">Panels<\/th><th class=\"column-4\">Surface<\/th><th class=\"column-5\">Use <\/th><th class=\"column-6\">Price (XOF)<\/th>\n<\/tr>\n<\/thead>\n<tbody class=\"row-striping\">\n<tr class=\"row-2\">\n\t<td class=\"column-1\">3 KWc MONO<\/td><td class=\"column-2\">Without<\/td><td class=\"column-3\">8 x 415Wc<\/td><td class=\"column-4\">~16m\u00b2<\/td><td class=\"column-5\">Standard house<\/td><td class=\"column-6\">4\u202f600\u202f000<\/td>\n<\/tr>\n<tr class=\"row-3\">\n\t<td class=\"column-1\">6 KWc MONO<\/td><td class=\"column-2\">6 KWh<\/td><td class=\"column-3\">19 x 415Wc<\/td><td class=\"column-4\">~38m\u00b2<\/td><td class=\"column-5\">Family home<\/td><td class=\"column-6\">8\u202f541\u202f000<\/td>\n<\/tr>\n<tr class=\"row-4\">\n\t<td class=\"column-1\">9 KWc TRI<\/td><td class=\"column-2\">6 KWh<\/td><td class=\"column-3\">28 x 415Wc<\/td><td class=\"column-4\">~56m\u00b2<\/td><td class=\"column-5\">Big house<\/td><td class=\"column-6\">11\u202f826\u202f000<\/td>\n<\/tr>\n<tr class=\"row-5\">\n\t<td class=\"column-1\">12 KWc TRI<\/td><td class=\"column-2\">12 KWh<\/td><td class=\"column-3\">36 x 415Wc<\/td><td class=\"column-4\">~72m\u00b2<\/td><td class=\"column-5\">Home or small business<\/td><td class=\"column-6\">17\u202f082\u202f000<\/td>\n<\/tr>\n<tr class=\"row-6\">\n\t<td class=\"column-1\">12 KWc TRI<\/td><td class=\"column-2\">24 KWh<\/td><td class=\"column-3\">36 x 415Wc<\/td><td class=\"column-4\">~72m\u00b2<\/td><td class=\"column-5\">Intensive air conditioning<\/td><td class=\"column-6\">22\u202f302\u202f300<\/td>\n<\/tr>\n<tr class=\"row-7\">\n\t<td class=\"column-1\">24 KWc TRI<\/td><td class=\"column-2\">24 KWh<\/td><td class=\"column-3\">65 x 415Wc<\/td><td class=\"column-4\">~72m\u00b2<\/td><td class=\"column-5\">Villa, restaurant, offices<\/td><td class=\"column-6\">26\u202f280\u202f000<\/td>\n<\/tr>\n<\/tbody>\n<\/table>\n<!-- #tablepress-3 from cache --><\/div>\n\t\t\t\t\t\t<\/div>\n\t\t\t\t<\/div>\n\t\t\t\t\t<\/div>\n\t\t\t\t<\/div>\n\t\t        <section class=\"elementor-section elementor-top-section elementor-element elementor-element-253b889 elementor-section-stretched elementor-section-boxed elementor-section-height-default elementor-section-height-default\" data-id=\"253b889\" data-element_type=\"section\" data-settings=\"{&quot;stretch_section&quot;:&quot;section-stretched&quot;,&quot;background_background&quot;:&quot;classic&quot;}\">\n            \n                        <div class=\"elementor-container elementor-column-gap-extended\">\n                    <div class=\"elementor-column elementor-col-100 elementor-top-column elementor-element elementor-element-3f5fef8\" data-id=\"3f5fef8\" data-element_type=\"column\">\n        <div class=\"elementor-widget-wrap elementor-element-populated\">\n                    \n                <section class=\"elementor-section elementor-inner-section elementor-element elementor-element-80cae33 elementor-section-boxed elementor-section-height-default elementor-section-height-default\" data-id=\"80cae33\" data-element_type=\"section\">\n            \n                        <div class=\"elementor-container elementor-column-gap-extended\">\n                    <div class=\"elementor-column elementor-col-50 elementor-inner-column elementor-element elementor-element-79651b8\" data-id=\"79651b8\" data-element_type=\"column\">\n        <div class=\"elementor-widget-wrap elementor-element-populated\">\n                    \n        \t\t<div class=\"elementor-element elementor-element-bec4ba8 elementor-widget elementor-widget-ct_heading\" data-id=\"bec4ba8\" data-element_type=\"widget\" data-widget_type=\"ct_heading.default\">\n\t\t\t\t<div class=\"elementor-widget-container\">\n\t\t\t\t\t<div class=\"ct-heading h-align- item-st-default\">\r\n    <div class=\"ct-heading--inner\">\r\n    \t        <h3 class=\"item--title case-animate-time st-default\" data-wow-delay=\"ms\">\r\n            <span class=\"slide-in-container\"><span class=\"d-inline-block wow case-fade-in-up\">EACH<\/span><\/span> <span class=\"slide-in-container\"><span class=\"d-inline-block wow case-fade-in-up\">KIT<\/span><\/span> <span class=\"slide-in-container\"><span class=\"d-inline-block wow case-fade-in-up\">UNDERSTAND<\/span><\/span> <span class=\"slide-in-container\"><span class=\"d-inline-block wow case-fade-in-up\"><\/span><\/span>        <\/h3>\r\n    <\/div>\r\n<\/div>\r\n\r\n\t\t\t\t<\/div>\n\t\t\t\t<\/div>\n\t\t\t\t<div class=\"elementor-element elementor-element-438c20e elementor-widget elementor-widget-ct_fancy_box\" data-id=\"438c20e\" data-element_type=\"widget\" data-widget_type=\"ct_fancy_box.default\">\n\t\t\t\t<div class=\"elementor-widget-container\">\n\t\t\t\t\t<div class=\"ct-fancy-box ct-fancy-box-layout3 style6 wow fadeInUp\" data-wow-delay=\"160ms\">\r\n    <div class=\"item--inner\">\r\n                    <div class=\"item--icon\">\r\n                <i aria-hidden=\"true\" class=\"flaticon flaticon-next\"><\/i>            <\/div>\r\n                        <div class=\"item--holder\">\r\n            <h5 class=\"item--title\">\r\n                            <\/h5>\r\n            <div class=\"item--description\">415Wc solar panels (25-year product warranty, 30-year performance at 91%)<\/div>\r\n        <\/div>\r\n            <\/div>\r\n<\/div>\t\t\t\t<\/div>\n\t\t\t\t<\/div>\n\t\t\t\t<div class=\"elementor-element elementor-element-38e96d9 elementor-widget elementor-widget-ct_fancy_box\" data-id=\"38e96d9\" data-element_type=\"widget\" data-widget_type=\"ct_fancy_box.default\">\n\t\t\t\t<div class=\"elementor-widget-container\">\n\t\t\t\t\t<div class=\"ct-fancy-box ct-fancy-box-layout3 style6 wow fadeInUp\" data-wow-delay=\"160ms\">\r\n    <div class=\"item--inner\">\r\n                    <div class=\"item--icon\">\r\n                <i aria-hidden=\"true\" class=\"flaticon flaticon-next\"><\/i>            <\/div>\r\n                        <div class=\"item--holder\">\r\n            <h5 class=\"item--title\">\r\n                            <\/h5>\r\n            <div class=\"item--description\">Hybrid storage system with backup, AC\/DC box, GE management, BMS, Wifi <\/div>\r\n        <\/div>\r\n            <\/div>\r\n<\/div>\t\t\t\t<\/div>\n\t\t\t\t<\/div>\n\t\t\t\t<div class=\"elementor-element elementor-element-6a7b5b4 elementor-widget elementor-widget-ct_fancy_box\" data-id=\"6a7b5b4\" data-element_type=\"widget\" data-widget_type=\"ct_fancy_box.default\">\n\t\t\t\t<div class=\"elementor-widget-container\">\n\t\t\t\t\t<div class=\"ct-fancy-box ct-fancy-box-layout3 style6 wow fadeInUp\" data-wow-delay=\"160ms\">\r\n    <div class=\"item--inner\">\r\n                    <div class=\"item--icon\">\r\n                <i aria-hidden=\"true\" class=\"flaticon flaticon-next\"><\/i>            <\/div>\r\n                        <div class=\"item--holder\">\r\n            <h5 class=\"item--title\">\r\n                            <\/h5>\r\n            <div class=\"item--description\">Integrated protective box<\/div>\r\n        <\/div>\r\n            <\/div>\r\n<\/div>\t\t\t\t<\/div>\n\t\t\t\t<\/div>\n\t\t\t\t<div class=\"elementor-element elementor-element-a17e408 elementor-widget elementor-widget-ct_fancy_box\" data-id=\"a17e408\" data-element_type=\"widget\" data-widget_type=\"ct_fancy_box.default\">\n\t\t\t\t<div class=\"elementor-widget-container\">\n\t\t\t\t\t<div class=\"ct-fancy-box ct-fancy-box-layout3 style6 wow fadeInUp\" data-wow-delay=\"160ms\">\r\n    <div class=\"item--inner\">\r\n                    <div class=\"item--icon\">\r\n                <i aria-hidden=\"true\" class=\"flaticon flaticon-next\"><\/i>            <\/div>\r\n                        <div class=\"item--holder\">\r\n            <h5 class=\"item--title\">\r\n                            <\/h5>\r\n            <div class=\"item--description\">K2 roof mounting structure (tiles or steel tray) <\/div>\r\n        <\/div>\r\n            <\/div>\r\n<\/div>\t\t\t\t<\/div>\n\t\t\t\t<\/div>\n\t\t\t\t<div class=\"elementor-element elementor-element-4823c33 elementor-widget elementor-widget-ct_fancy_box\" data-id=\"4823c33\" data-element_type=\"widget\" data-widget_type=\"ct_fancy_box.default\">\n\t\t\t\t<div class=\"elementor-widget-container\">\n\t\t\t\t\t<div class=\"ct-fancy-box ct-fancy-box-layout3 style6 wow fadeInUp\" data-wow-delay=\"160ms\">\r\n    <div class=\"item--inner\">\r\n                    <div class=\"item--icon\">\r\n                <i aria-hidden=\"true\" class=\"flaticon flaticon-next\"><\/i>            <\/div>\r\n                        <div class=\"item--holder\">\r\n            <h5 class=\"item--title\">\r\n                            <\/h5>\r\n            <div class=\"item--description\">MC4 connectors included <\/div>\r\n        <\/div>\r\n            <\/div>\r\n<\/div>\t\t\t\t<\/div>\n\t\t\t\t<\/div>\n\t\t            <\/div>\n        <\/div>\n                <div class=\"elementor-column elementor-col-50 elementor-inner-column elementor-element elementor-element-781db68\" data-id=\"781db68\" data-element_type=\"column\">\n        <div class=\"elementor-widget-wrap elementor-element-populated\">\n                    \n        \t\t<div class=\"elementor-element elementor-element-624d200 elementor-widget elementor-widget-ct_image\" data-id=\"624d200\" data-element_type=\"widget\" data-widget_type=\"ct_image.default\">\n\t\t\t\t<div class=\"elementor-widget-container\">\n\t\t\t\t\t<div class=\"ct-image-single    effect-none wow fadeInUp\" data-width=\"\" data-height=\"\">\r\n                        <img decoding=\"async\" width=\"579\" height=\"517\" src=\"https:\/\/nanda-sa.com\/wp-content\/uploads\/2025\/05\/h4-banner1AAAA.png\" class=\"no-lazyload attachment-full\" alt=\"\" \/>            <\/div>\t\t\t\t<\/div>\n\t\t\t\t<\/div>\n\t\t            <\/div>\n        <\/div>\n                    <\/div>\n        <\/section>\n                    <\/div>\n        <\/div>\n                    <\/div>\n        <\/section>\n                <section class=\"elementor-section elementor-top-section elementor-element elementor-element-a2e6718 elementor-section-boxed elementor-section-height-default elementor-section-height-default\" data-id=\"a2e6718\" data-element_type=\"section\">\n            \n                        <div class=\"elementor-container elementor-column-gap-extended\">\n                    <div class=\"elementor-column elementor-col-100 elementor-top-column elementor-element elementor-element-5e1dac6\" data-id=\"5e1dac6\" data-element_type=\"column\">\n        <div class=\"elementor-widget-wrap elementor-element-populated\">\n                    \n                <section class=\"elementor-section elementor-inner-section elementor-element elementor-element-9dbce4c elementor-section-boxed elementor-section-height-default elementor-section-height-default\" data-id=\"9dbce4c\" data-element_type=\"section\">\n            \n                        <div class=\"elementor-container elementor-column-gap-extended\">\n                    <div class=\"elementor-column elementor-col-33 elementor-inner-column elementor-element elementor-element-807bc28\" data-id=\"807bc28\" data-element_type=\"column\">\n        <div class=\"elementor-widget-wrap\">\n                    \n                    <\/div>\n        <\/div>\n                <div class=\"elementor-column elementor-col-33 elementor-inner-column elementor-element elementor-element-ea939de\" data-id=\"ea939de\" data-element_type=\"column\">\n        <div class=\"elementor-widget-wrap elementor-element-populated\">\n                    \n        \t\t<div class=\"elementor-element elementor-element-08d66dd elementor-widget elementor-widget-ct_text_editor\" data-id=\"08d66dd\" data-element_type=\"widget\" data-widget_type=\"ct_text_editor.default\">\n\t\t\t\t<div class=\"elementor-widget-container\">\n\t\t\t\t\t<div id=\"ct_text_editor-08d66dd\" class=\"ct-text-editor wow fadeInUp\" data-wow-delay=\"120ms\">\n\t<div class=\"ct-item--inner\">\n\t\t<div class=\"ct-inline-css\"  data-css=\"\t        \t\t\t\">\n\n\t    <\/div>\n\t\t<div class=\"ct-text-editor elementor-clearfix\">\n\t\t\t<p>With NANDA S\u00c1, choose solar excellence to serve your future.<\/p>\t\t\n\t\t<\/div>\n\t<\/div>\n<\/div>\t\t\t\t<\/div>\n\t\t\t\t<\/div>\n\t\t            <\/div>\n        <\/div>\n                <div class=\"elementor-column elementor-col-33 elementor-inner-column elementor-element elementor-element-195d2c3\" data-id=\"195d2c3\" data-element_type=\"column\">\n        <div class=\"elementor-widget-wrap\">\n                    \n                    <\/div>\n        <\/div>\n                    <\/div>\n        <\/section>\n        \t\t<div class=\"elementor-element elementor-element-7b0cf56 elementor-icon-list--layout-inline elementor-align-center elementor-list-item-link-full_width elementor-widget elementor-widget-icon-list\" data-id=\"7b0cf56\" data-element_type=\"widget\" data-widget_type=\"icon-list.default\">\n\t\t\t\t<div class=\"elementor-widget-container\">\n\t\t\t\t\t\t\t<ul class=\"elementor-icon-list-items elementor-inline-items\">\n\t\t\t\t\t\t\t<li class=\"elementor-icon-list-item elementor-inline-item\">\n\t\t\t\t\t\t\t\t\t\t\t<span class=\"elementor-icon-list-icon\">\n\t\t\t\t\t\t\t<i aria-hidden=\"true\" class=\"flaticon flaticon-email\"><\/i>\t\t\t\t\t\t<\/span>\n\t\t\t\t\t\t\t\t\t\t<span class=\"elementor-icon-list-text\">contact@nanda-sa.com<\/span>\n\t\t\t\t\t\t\t\t\t<\/li>\n\t\t\t\t\t\t\t\t<li class=\"elementor-icon-list-item elementor-inline-item\">\n\t\t\t\t\t\t\t\t\t\t\t<span class=\"elementor-icon-list-icon\">\n\t\t\t\t\t\t\t<i aria-hidden=\"true\" class=\"fas fa-phone-alt\"><\/i>\t\t\t\t\t\t<\/span>\n\t\t\t\t\t\t\t\t\t\t<span class=\"elementor-icon-list-text\">+245 96 536 43 26  <\/span>\n\t\t\t\t\t\t\t\t\t<\/li>\n\t\t\t\t\t\t\t\t<li class=\"elementor-icon-list-item elementor-inline-item\">\n\t\t\t\t\t\t\t\t\t\t\t<span class=\"elementor-icon-list-icon\">\n\t\t\t\t\t\t\t<i aria-hidden=\"true\" class=\"fas fa-phone-alt\"><\/i>\t\t\t\t\t\t<\/span>\n\t\t\t\t\t\t\t\t\t\t<span class=\"elementor-icon-list-text\">+221 79 739 22 77<\/span>\n\t\t\t\t\t\t\t\t\t<\/li>\n\t\t\t\t\t\t<\/ul>\n\t\t\t\t\t\t<\/div>\n\t\t\t\t<\/div>\n\t\t\t\t<div class=\"elementor-element elementor-element-0477b55 elementor-widget elementor-widget-ct_product_carousel\" data-id=\"0477b55\" data-element_type=\"widget\" data-widget_type=\"ct_product_carousel.default\">\n\t\t\t\t<div class=\"elementor-widget-container\">\n\t\t\t\t\t\r\n<div class=\"ct-slick-filter-wrap\">\r\n    \r\n    <div id=\"ct_product_carousel-0477b55\" class=\"ct-product-carousel5 ct-dots-style3 ct-slick-slider ct-arrow-middle woocommerce style2\" data-cursor-label=\"DRAG\">\r\n        <div class=\"ct-carousel-inner\">\r\n            <div class=\"ct-slick-carousel slick-shadow\" data-arrows=\"false\" data-dots=\"true\" data-pauseonhover=\"true\" data-autoplay=\"false\" data-autoplayspeed=\"5000\" data-infinite=\"true\" data-speed=\"500\" data-dir=\"false\" data-colxs=\"1\" data-colsm=\"2\" data-colmd=\"2\" data-collg=\"2\" data-colxl=\"2\" data-slidestoscroll=\"2\">\r\n\r\n                        <\/div>\r\n        <\/div>\r\n    <\/div>\r\n<\/div>\r\n\t\t\t\t<\/div>\n\t\t\t\t<\/div>\n\t\t            <\/div>\n        <\/div>\n                    <\/div>\n        <\/section>\n        \t\t<\/div>","protected":false},"excerpt":{"rendered":"<p>NANDA S\u00c1 SOLUTIONS SOLAIRES PREMIUM POUR LA GUIN\u00c9E-BISSAU NANDA S\u00c1 vous propose des kits solaires haut de gamme, con\u00e7us pour r\u00e9pondre aux besoins des habitations, entreprises et sites professionnels en Guin\u00e9e-Bissau. Optez pour une autonomie \u00e9nerg\u00e9tique durable, fiable et \u00e9l\u00e9gante gr\u00e2ce \u00e0 une technologie de stockage de nouvelle g\u00e9n\u00e9ration d\u00e9velopp\u00e9e en Allemagne. Investissez d\u00e8s aujourd\u2019hui [&hellip;]<\/p>","protected":false},"author":1,"featured_media":0,"parent":0,"menu_order":0,"comment_status":"closed","ping_status":"closed","template":"","meta":{"footnotes":""},"class_list":["post-10005","page","type-page","status-publish","hentry"],"_links":{"self":[{"href":"https:\/\/nanda-sa.com\/en\/wp-json\/wp\/v2\/pages\/10005","targetHints":{"allow":["GET"]}}],"collection":[{"href":"https:\/\/nanda-sa.com\/en\/wp-json\/wp\/v2\/pages"}],"about":[{"href":"https:\/\/nanda-sa.com\/en\/wp-json\/wp\/v2\/types\/page"}],"author":[{"embeddable":true,"href":"https:\/\/nanda-sa.com\/en\/wp-json\/wp\/v2\/users\/1"}],"replies":[{"embeddable":true,"href":"https:\/\/nanda-sa.com\/en\/wp-json\/wp\/v2\/comments?post=10005"}],"version-history":[{"count":101,"href":"https:\/\/nanda-sa.com\/en\/wp-json\/wp\/v2\/pages\/10005\/revisions"}],"predecessor-version":[{"id":10152,"href":"https:\/\/nanda-sa.com\/en\/wp-json\/wp\/v2\/pages\/10005\/revisions\/10152"}],"wp:attachment":[{"href":"https:\/\/nanda-sa.com\/en\/wp-json\/wp\/v2\/media?parent=10005"}],"curies":[{"name":"wp","href":"https:\/\/api.w.org\/{rel}","templated":true}]}}