{"id":18,"date":"2021-03-11T09:03:15","date_gmt":"2021-03-11T09:03:15","guid":{"rendered":"https:\/\/demo.casethemes.net\/organio\/?page_id=18"},"modified":"2025-10-27T10:14:03","modified_gmt":"2025-10-27T10:14:03","slug":"contactez-nous","status":"publish","type":"page","link":"https:\/\/nanda-sa.com\/pt\/contactez-nous\/","title":{"rendered":"Contacte-nos"},"content":{"rendered":"<div data-elementor-type=\"wp-page\" data-elementor-id=\"18\" class=\"elementor elementor-18\">\n\t\t\t\t        <section class=\"elementor-section elementor-top-section elementor-element elementor-element-e8ef6d1 elementor-section-boxed elementor-section-height-default elementor-section-height-default\" data-id=\"e8ef6d1\" data-element_type=\"section\">\n            \n                        <div class=\"elementor-container elementor-column-gap-extended\">\n                    <div class=\"elementor-column elementor-col-33 elementor-top-column elementor-element elementor-element-22f3316\" data-id=\"22f3316\" data-element_type=\"column\">\n        <div class=\"elementor-widget-wrap elementor-element-populated\">\n                    \n        \t\t<div class=\"elementor-element elementor-element-a9c7d8b elementor-widget elementor-widget-ct_fancy_box\" data-id=\"a9c7d8b\" data-element_type=\"widget\" data-widget_type=\"ct_fancy_box.default\">\n\t\t\t\t<div class=\"elementor-widget-container\">\n\t\t\t\t\t<div class=\"ct-fancy-box ct-fancy-box-layout1 wow fadeInUp\" data-wow-delay=\"ms\">\r\n    <div class=\"item--inner bg-image\">\r\n                    <div class=\"item--icon icon-psb\">\r\n                <i aria-hidden=\"true\" class=\"flaticon flaticon-map\"><\/i>            <\/div>\r\n                        <h4 class=\"item--title\">\r\n            Guinea-Bissau        <\/h4>\r\n        <div class=\"item--description\">Rue de Bissau, Canchungo,<br>\nR\u00e9gion de Cacheu.\n<\/div>\r\n    <\/div>\r\n<\/div>\t\t\t\t<\/div>\n\t\t\t\t<\/div>\n\t\t            <\/div>\n        <\/div>\n                <div class=\"elementor-column elementor-col-33 elementor-top-column elementor-element elementor-element-e119aac\" data-id=\"e119aac\" data-element_type=\"column\">\n        <div class=\"elementor-widget-wrap elementor-element-populated\">\n                    \n        \t\t<div class=\"elementor-element elementor-element-0e28767 elementor-widget elementor-widget-ct_fancy_box\" data-id=\"0e28767\" data-element_type=\"widget\" data-widget_type=\"ct_fancy_box.default\">\n\t\t\t\t<div class=\"elementor-widget-container\">\n\t\t\t\t\t<div class=\"ct-fancy-box ct-fancy-box-layout1 wow fadeInUp\" data-wow-delay=\"ms\">\r\n    <div class=\"item--inner bg-image\">\r\n                    <div class=\"item--icon icon-psb\">\r\n                <i aria-hidden=\"true\" class=\"flaticon flaticon-map\"><\/i>            <\/div>\r\n                        <h4 class=\"item--title\">\r\n            Senegal        <\/h4>\r\n        <div class=\"item--description\">Quartier Kenia, <br>Ziguinchor.\n<\/div>\r\n    <\/div>\r\n<\/div>\t\t\t\t<\/div>\n\t\t\t\t<\/div>\n\t\t            <\/div>\n        <\/div>\n                <div class=\"elementor-column elementor-col-33 elementor-top-column elementor-element elementor-element-70b3206\" data-id=\"70b3206\" data-element_type=\"column\">\n        <div class=\"elementor-widget-wrap elementor-element-populated\">\n                    \n        \t\t<div class=\"elementor-element elementor-element-5342f93 elementor-widget elementor-widget-ct_fancy_box\" data-id=\"5342f93\" data-element_type=\"widget\" data-widget_type=\"ct_fancy_box.default\">\n\t\t\t\t<div class=\"elementor-widget-container\">\n\t\t\t\t\t<div class=\"ct-fancy-box ct-fancy-box-layout1 wow fadeInUp\" data-wow-delay=\"50ms\">\r\n    <div class=\"item--inner bg-image\">\r\n                    <div class=\"item--icon icon-psb\">\r\n                <i aria-hidden=\"true\" class=\"flaticon flaticon-phone-call\"><\/i>            <\/div>\r\n                        <h4 class=\"item--title\">\r\n            Contact        <\/h4>\r\n        <div class=\"item--description\">+245 956 828 351 | +221 71 009 04 10<br>\ncontact@nanda-sa.com<\/div>\r\n    <\/div>\r\n<\/div>\t\t\t\t<\/div>\n\t\t\t\t<\/div>\n\t\t            <\/div>\n        <\/div>\n                    <\/div>\n        <\/section>\n                <section class=\"elementor-section elementor-top-section elementor-element elementor-element-03a6023 elementor-section-boxed elementor-section-height-default elementor-section-height-default\" data-id=\"03a6023\" data-element_type=\"section\">\n            \n                        <div class=\"elementor-container elementor-column-gap-extended\">\n                    <div class=\"elementor-column elementor-col-33 elementor-top-column elementor-element elementor-element-30a48ad\" data-id=\"30a48ad\" data-element_type=\"column\">\n        <div class=\"elementor-widget-wrap\">\n                    \n                    <\/div>\n        <\/div>\n                <div class=\"elementor-column elementor-col-33 elementor-top-column elementor-element elementor-element-593d7e6\" data-id=\"593d7e6\" data-element_type=\"column\">\n        <div class=\"elementor-widget-wrap elementor-element-populated\">\n                    \n        \t\t<div class=\"elementor-element elementor-element-3d212d3 elementor-widget elementor-widget-ct_heading\" data-id=\"3d212d3\" data-element_type=\"widget\" data-widget_type=\"ct_heading.default\">\n\t\t\t\t<div class=\"elementor-widget-container\">\n\t\t\t\t\t<div class=\"ct-heading h-align-center item-st-default\">\r\n    <div class=\"ct-heading--inner\">\r\n    \t    \t\t<div class=\"item--sub-title style-default\">\r\n                <span>\r\n                    <span>~<\/span>                    Entre em contacto                    <span>~<\/span>                <\/span>\r\n            <\/div>\r\n    \t        <h3 class=\"item--title case-animate-time st-default wow\" data-wow-delay=\"ms\">\r\n            <span>Sinta-se \u00e0 vontade para entrar em contacto connosco a qualquer momento<\/span>        <\/h3>\r\n    <\/div>\r\n<\/div>\r\n\r\n\t\t\t\t<\/div>\n\t\t\t\t<\/div>\n\t\t\t\t<div class=\"elementor-element elementor-element-f58060d elementor-widget elementor-widget-ct_contact_form\" data-id=\"f58060d\" data-element_type=\"widget\" data-widget_type=\"ct_contact_form.default\">\n\t\t\t\t<div class=\"elementor-widget-container\">\n\t\t\t\t\t    <div class=\"ct-contact-form ct-contact-form-layout1 style1\">\r\n    \t        <div class=\"ct-contact-form\">\r\n            \n<div class=\"wpcf7 no-js\" id=\"wpcf7-f341-o1\" lang=\"en-US\" dir=\"ltr\" data-wpcf7-id=\"341\">\n<div class=\"screen-reader-response\"><p role=\"status\" aria-live=\"polite\" aria-atomic=\"true\"><\/p> <ul><\/ul><\/div>\n<form action=\"\/pt\/wp-json\/wp\/v2\/pages\/18#wpcf7-f341-o1\" method=\"post\" class=\"wpcf7-form init\" aria-label=\"Contact form\" novalidate=\"novalidate\" data-status=\"init\" data-trp-original-action=\"\/pt\/wp-json\/wp\/v2\/pages\/18#wpcf7-f341-o1\">\n<div style=\"display: none;\">\n<input type=\"hidden\" name=\"_wpcf7\" value=\"341\" \/>\n<input type=\"hidden\" name=\"_wpcf7_version\" value=\"6.0.5\" \/>\n<input type=\"hidden\" name=\"_wpcf7_locale\" value=\"en_US\" \/>\n<input type=\"hidden\" name=\"_wpcf7_unit_tag\" value=\"wpcf7-f341-o1\" \/>\n<input type=\"hidden\" name=\"_wpcf7_container_post\" value=\"0\" \/>\n<input type=\"hidden\" name=\"_wpcf7_posted_data_hash\" value=\"\" \/>\n<\/div>\n<div class=\"row\">\n\t<div class=\"input-filled col-lg-6 col-md-6\">\n\t\t<p><label>Primeiro e \u00faltimo nome*<\/label><span class=\"wpcf7-form-control-wrap\" data-name=\"your-name\"><input size=\"40\" maxlength=\"400\" class=\"wpcf7-form-control wpcf7-text wpcf7-validates-as-required\" aria-required=\"true\" aria-invalid=\"false\" placeholder=\"O seu nome\" value=\"\" type=\"text\" name=\"your-name\" \/><\/span>\n\t\t<\/p>\n\t<\/div>\n\t<div class=\"input-filled col-lg-6 col-md-6\">\n\t\t<p><label>Endere\u00e7o de correio eletr\u00f3nico*<\/label><span class=\"wpcf7-form-control-wrap\" data-name=\"your-email\"><input size=\"40\" maxlength=\"400\" class=\"wpcf7-form-control wpcf7-email wpcf7-validates-as-required wpcf7-text wpcf7-validates-as-email\" aria-required=\"true\" aria-invalid=\"false\" placeholder=\"Seu e-mail\" value=\"\" type=\"email\" name=\"your-email\" \/><\/span>\n\t\t<\/p>\n\t<\/div>\n<\/div>\n<div class=\"row\">\n\t<div class=\"input-filled col-12\">\n\t\t<p><label>Introduza a sua mensagem*<\/label><span class=\"wpcf7-form-control-wrap\" data-name=\"your-message\"><textarea cols=\"40\" rows=\"10\" maxlength=\"2000\" class=\"wpcf7-form-control wpcf7-textarea wpcf7-validates-as-required\" aria-required=\"true\" aria-invalid=\"false\" placeholder=\"Mensagem...\" name=\"your-message\"><\/textarea><\/span>\n\t\t<\/p>\n\t<\/div>\n\t<div class=\"input-filled col-12 text-center\">\n\t\t<p><button type=\"submit\" class=\"wpcf7-submit btn btn-third btn-animate\">Envie a sua mensagem<\/button>\n\t\t<\/p>\n\t<\/div>\n<\/div><p style=\"display: none !important;\" class=\"akismet-fields-container\" data-prefix=\"_wpcf7_ak_\"><label>&#916;<textarea name=\"_wpcf7_ak_hp_textarea\" cols=\"45\" rows=\"8\" maxlength=\"100\"><\/textarea><\/label><input type=\"hidden\" id=\"ak_js_1\" name=\"_wpcf7_ak_js\" value=\"29\"\/><script>document.getElementById( \"ak_js_1\" ).setAttribute( \"value\", ( new Date() ).getTime() );<\/script><\/p><div class=\"wpcf7-response-output\" aria-hidden=\"true\"><\/div>\n<input type=\"hidden\" name=\"trp-form-language\" value=\"pt\"\/><\/form>\n<\/div>\n        <\/div>\r\n    <\/div>\r\n\t\t\t\t<\/div>\n\t\t\t\t<\/div>\n\t\t            <\/div>\n        <\/div>\n                <div class=\"elementor-column elementor-col-33 elementor-top-column elementor-element elementor-element-519eb78\" data-id=\"519eb78\" data-element_type=\"column\">\n        <div class=\"elementor-widget-wrap\">\n                    \n                    <\/div>\n        <\/div>\n                    <\/div>\n        <\/section>\n                <section class=\"elementor-section elementor-top-section elementor-element elementor-element-703fd2d elementor-section-boxed elementor-section-height-default elementor-section-height-default\" data-id=\"703fd2d\" data-element_type=\"section\">\n            \n                        <div class=\"elementor-container elementor-column-gap-extended\">\n                    <div class=\"elementor-column elementor-col-50 elementor-top-column elementor-element elementor-element-177e9d3\" data-id=\"177e9d3\" data-element_type=\"column\">\n        <div class=\"elementor-widget-wrap elementor-element-populated\">\n                    \n        \t\t<div class=\"elementor-element elementor-element-87c4d3f elementor-widget elementor-widget-google_maps\" data-id=\"87c4d3f\" data-element_type=\"widget\" data-widget_type=\"google_maps.default\">\n\t\t\t\t<div class=\"elementor-widget-container\">\n\t\t\t\t\t\t\t<div class=\"elementor-custom-embed\">\n\t\t\t<iframe loading=\"lazy\"\n\t\t\t\t\tsrc=\"https:\/\/maps.google.com\/maps?q=Rue%20de%20Bissau%2C%20Canchungo%2C%20R%C3%A9gion%20de%20Cacheu%2C%20Guinea-Bissau&#038;t=m&#038;z=15&#038;output=embed&#038;iwloc=near\"\n\t\t\t\t\ttitle=\"Rue de Bissau, Canchungo, R\u00e9gion de Cacheu, Guinea-Bissau\"\n\t\t\t\t\taria-label=\"Rue de Bissau, Canchungo, R\u00e9gion de Cacheu, Guinea-Bissau\"\n\t\t\t><\/iframe>\n\t\t<\/div>\n\t\t\t\t\t\t<\/div>\n\t\t\t\t<\/div>\n\t\t            <\/div>\n        <\/div>\n                <div class=\"elementor-column elementor-col-50 elementor-top-column elementor-element elementor-element-209aefe\" data-id=\"209aefe\" data-element_type=\"column\">\n        <div class=\"elementor-widget-wrap elementor-element-populated\">\n                    \n        \t\t<div class=\"elementor-element elementor-element-a82d7be elementor-widget elementor-widget-google_maps\" data-id=\"a82d7be\" data-element_type=\"widget\" data-widget_type=\"google_maps.default\">\n\t\t\t\t<div class=\"elementor-widget-container\">\n\t\t\t\t\t\t\t<div class=\"elementor-custom-embed\">\n\t\t\t<iframe loading=\"lazy\"\n\t\t\t\t\tsrc=\"https:\/\/maps.google.com\/maps?q=Quartier%20Kenia%2C%20Ziguinchor%2C%20Senegal&#038;t=m&#038;z=15&#038;output=embed&#038;iwloc=near\"\n\t\t\t\t\ttitle=\"Quartier Kenia, Ziguinchor, Senegal\"\n\t\t\t\t\taria-label=\"Quartier Kenia, Ziguinchor, Senegal\"\n\t\t\t><\/iframe>\n\t\t<\/div>\n\t\t\t\t\t\t<\/div>\n\t\t\t\t<\/div>\n\t\t            <\/div>\n        <\/div>\n                    <\/div>\n        <\/section>\n        \t\t<\/div>","protected":false},"excerpt":{"rendered":"<p>Guinea-Bissau Rue de Bissau, Canchungo, R\u00e9gion de Cacheu. Senegal Quartier Kenia, Ziguinchor. Contact +245 956 828 351 | +221 71 009 04 10 contact@nanda-sa.com ~ Entrer en contact ~ N&#8217;h\u00e9sitez pas \u00e0 nous contacter \u00e0 tout moment Nom et pr\u00e9nom* Adresse mail* Tapez votre message* Envoyez votre message &#916;<\/p>","protected":false},"author":1,"featured_media":0,"parent":0,"menu_order":0,"comment_status":"closed","ping_status":"closed","template":"","meta":{"footnotes":""},"class_list":["post-18","page","type-page","status-publish","hentry"],"_links":{"self":[{"href":"https:\/\/nanda-sa.com\/pt\/wp-json\/wp\/v2\/pages\/18","targetHints":{"allow":["GET"]}}],"collection":[{"href":"https:\/\/nanda-sa.com\/pt\/wp-json\/wp\/v2\/pages"}],"about":[{"href":"https:\/\/nanda-sa.com\/pt\/wp-json\/wp\/v2\/types\/page"}],"author":[{"embeddable":true,"href":"https:\/\/nanda-sa.com\/pt\/wp-json\/wp\/v2\/users\/1"}],"replies":[{"embeddable":true,"href":"https:\/\/nanda-sa.com\/pt\/wp-json\/wp\/v2\/comments?post=18"}],"version-history":[{"count":69,"href":"https:\/\/nanda-sa.com\/pt\/wp-json\/wp\/v2\/pages\/18\/revisions"}],"predecessor-version":[{"id":10290,"href":"https:\/\/nanda-sa.com\/pt\/wp-json\/wp\/v2\/pages\/18\/revisions\/10290"}],"wp:attachment":[{"href":"https:\/\/nanda-sa.com\/pt\/wp-json\/wp\/v2\/media?parent=18"}],"curies":[{"name":"wp","href":"https:\/\/api.w.org\/{rel}","templated":true}]}}