{"id":8257,"date":"2025-04-03T09:37:47","date_gmt":"2025-04-03T09:37:47","guid":{"rendered":"https:\/\/nanda-sa.com\/?post_type=product&#038;p=8257"},"modified":"2025-04-09T05:45:08","modified_gmt":"2025-04-09T05:45:08","slug":"beurre-de-cacao-cote-divoire","status":"publish","type":"product","link":"https:\/\/nanda-sa.com\/pt\/produits\/beurre-de-cacao-cote-divoire\/","title":{"rendered":"Manteiga de Cacau (Costa do Marfim)"},"content":{"rendered":"","protected":false},"excerpt":{"rendered":"<p>Dispon\u00edvel em 200g e 500g<\/p>\n<p>Uma manteiga pura, natural e rica, extra\u00edda dos gr\u00e3os de cacau atrav\u00e9s de um processo tradicional.<\/p>\n<p><strong>Benef\u00edcios :<\/strong><br \/>\nNutre intensamente a pele e previne a secura, mesmo das mais sens\u00edveis.<br \/>\n<strong>Ideal para cuidados cosm\u00e9ticos :<\/strong> corpo, rosto, cabelo.<br \/>\nTamb\u00e9m pode ser utilizado na culin\u00e1ria pelos seus aromas subtis e riqueza natural.<\/p>\n<p>Um produto vers\u00e1til com m\u00faltiplos benef\u00edcios, para cuidar de si... naturalmente.<\/p>\n<p>&nbsp;<\/p>\n<p>&nbsp;<\/p>","protected":false},"featured_media":8377,"template":"","meta":[],"product_brand":[],"product_cat":[85],"product_tag":[],"class_list":{"0":"post-8257","1":"product","2":"type-product","3":"status-publish","4":"has-post-thumbnail","6":"product_cat-huiles-et-beurres","8":"first","9":"instock","10":"shipping-taxable","11":"product-type-simple"},"_links":{"self":[{"href":"https:\/\/nanda-sa.com\/pt\/wp-json\/wp\/v2\/product\/8257","targetHints":{"allow":["GET"]}}],"collection":[{"href":"https:\/\/nanda-sa.com\/pt\/wp-json\/wp\/v2\/product"}],"about":[{"href":"https:\/\/nanda-sa.com\/pt\/wp-json\/wp\/v2\/types\/product"}],"wp:featuredmedia":[{"embeddable":true,"href":"https:\/\/nanda-sa.com\/pt\/wp-json\/wp\/v2\/media\/8377"}],"wp:attachment":[{"href":"https:\/\/nanda-sa.com\/pt\/wp-json\/wp\/v2\/media?parent=8257"}],"wp:term":[{"taxonomy":"product_brand","embeddable":true,"href":"https:\/\/nanda-sa.com\/pt\/wp-json\/wp\/v2\/product_brand?post=8257"},{"taxonomy":"product_cat","embeddable":true,"href":"https:\/\/nanda-sa.com\/pt\/wp-json\/wp\/v2\/product_cat?post=8257"},{"taxonomy":"product_tag","embeddable":true,"href":"https:\/\/nanda-sa.com\/pt\/wp-json\/wp\/v2\/product_tag?post=8257"}],"curies":[{"name":"wp","href":"https:\/\/api.w.org\/{rel}","templated":true}]}}